{"id":18532,"date":"2025-11-26T17:30:47","date_gmt":"2025-11-26T23:30:47","guid":{"rendered":"https:\/\/bioluxpro.com\/?post_type=product&#038;p=18532"},"modified":"2025-11-26T17:36:11","modified_gmt":"2025-11-26T23:36:11","slug":"bioluxpro-dent","status":"publish","type":"product","link":"https:\/\/bioluxpro.com\/en\/producto\/bioluxpro-dent\/","title":{"rendered":"Bioluxpro Dent"},"content":{"rendered":"<p>El Bioluxpro Dent es un dispositivo de fotobiomodulaci\u00f3n (PBM) que utiliza LEDs de alta intensidad (660 nm luz roja) para estimular la actividad celular sin generar calor, ofreciendo un tratamiento no invasivo, indoloro y seguro. Su acci\u00f3n sobre las mitocondrias aumenta la producci\u00f3n de ATP, mejora la circulaci\u00f3n y reduce el estr\u00e9s oxidativo, logrando efectos analg\u00e9sicos, antiinflamatorios y regenerativos. Gracias a sus aplicadores intraorales y extraorales, se emplea en cirug\u00edas, implantolog\u00eda, ortodoncia, periodoncia, ATM, patolog\u00eda oral y endodoncia; acelerando la curaci\u00f3n y proporcionando una experiencia m\u00e1s r\u00e1pida, c\u00f3moda y eficaz para\u00a0el\u00a0paciente.<\/p>\n","protected":false},"excerpt":{"rendered":"<p>El Bioluxpro Dent es un dispositivo de fotobiomodulaci\u00f3n (PBM) que utiliza LEDs de alta intensidad (660 nm luz roja) para<\/p>\n","protected":false},"featured_media":18534,"comment_status":"open","ping_status":"closed","template":"","meta":[],"product_brand":[],"product_cat":[20],"product_tag":[],"class_list":{"0":"post-18532","1":"product","2":"type-product","3":"status-publish","4":"has-post-thumbnail","6":"product_cat-accessories","8":"first","9":"instock","10":"shipping-taxable","11":"purchasable","12":"product-type-simple"},"_links":{"self":[{"href":"https:\/\/bioluxpro.com\/en\/wp-json\/wp\/v2\/product\/18532","targetHints":{"allow":["GET"]}}],"collection":[{"href":"https:\/\/bioluxpro.com\/en\/wp-json\/wp\/v2\/product"}],"about":[{"href":"https:\/\/bioluxpro.com\/en\/wp-json\/wp\/v2\/types\/product"}],"replies":[{"embeddable":true,"href":"https:\/\/bioluxpro.com\/en\/wp-json\/wp\/v2\/comments?post=18532"}],"version-history":[{"count":1,"href":"https:\/\/bioluxpro.com\/en\/wp-json\/wp\/v2\/product\/18532\/revisions"}],"predecessor-version":[{"id":18533,"href":"https:\/\/bioluxpro.com\/en\/wp-json\/wp\/v2\/product\/18532\/revisions\/18533"}],"wp:featuredmedia":[{"embeddable":true,"href":"https:\/\/bioluxpro.com\/en\/wp-json\/wp\/v2\/media\/18534"}],"wp:attachment":[{"href":"https:\/\/bioluxpro.com\/en\/wp-json\/wp\/v2\/media?parent=18532"}],"wp:term":[{"taxonomy":"product_brand","embeddable":true,"href":"https:\/\/bioluxpro.com\/en\/wp-json\/wp\/v2\/product_brand?post=18532"},{"taxonomy":"product_cat","embeddable":true,"href":"https:\/\/bioluxpro.com\/en\/wp-json\/wp\/v2\/product_cat?post=18532"},{"taxonomy":"product_tag","embeddable":true,"href":"https:\/\/bioluxpro.com\/en\/wp-json\/wp\/v2\/product_tag?post=18532"}],"curies":[{"name":"wp","href":"https:\/\/api.w.org\/{rel}","templated":true}]}}