{"id":18806,"date":"2025-06-30T15:38:06","date_gmt":"2025-06-30T21:38:06","guid":{"rendered":"https:\/\/bioluxpro.com\/our-technology\/"},"modified":"2026-01-29T18:32:33","modified_gmt":"2026-01-30T00:32:33","slug":"our-technology","status":"publish","type":"page","link":"https:\/\/bioluxpro.com\/en\/our-technology\/","title":{"rendered":"Our Technology"},"content":{"rendered":"\t\t<div data-elementor-type=\"wp-page\" data-elementor-id=\"18806\" class=\"elementor elementor-18806 elementor-17501\" data-elementor-settings=\"{&quot;ha_cmc_init_switcher&quot;:&quot;no&quot;}\" data-elementor-post-type=\"page\">\n\t\t\t\t<div class=\"wd-negative-gap elementor-element elementor-element-b01c40f wd-section-stretch e-flex e-con-boxed e-con e-parent\" data-id=\"b01c40f\" data-element_type=\"container\" data-e-type=\"container\" data-settings=\"{&quot;background_background&quot;:&quot;classic&quot;,&quot;_ha_eqh_enable&quot;:false}\">\n\t\t\t\t\t<div class=\"e-con-inner\">\n\t\t<div class=\"elementor-element elementor-element-79a2137 e-con-full e-flex e-con e-child\" data-id=\"79a2137\" data-element_type=\"container\" data-e-type=\"container\" data-settings=\"{&quot;_ha_eqh_enable&quot;:false}\">\n\t\t\t\t<div class=\"elementor-element elementor-element-a6b2205 elementor-widget elementor-widget-spacer\" data-id=\"a6b2205\" data-element_type=\"widget\" data-e-type=\"widget\" data-widget_type=\"spacer.default\">\n\t\t\t\t<div class=\"elementor-widget-container\">\n\t\t\t\t\t\t\t<div class=\"elementor-spacer\">\n\t\t\t<div class=\"elementor-spacer-inner\"><\/div>\n\t\t<\/div>\n\t\t\t\t\t\t<\/div>\n\t\t\t\t<\/div>\n\t\t\t\t<div class=\"elementor-element elementor-element-dc21d16 elementor-widget elementor-widget-heading\" data-id=\"dc21d16\" data-element_type=\"widget\" data-e-type=\"widget\" data-widget_type=\"heading.default\">\n\t\t\t\t<div class=\"elementor-widget-container\">\n\t\t\t\t\t<h2 class=\"elementor-heading-title elementor-size-default\">fotobiomodulaci\u00f3n\n<\/h2>\t\t\t\t<\/div>\n\t\t\t\t<\/div>\n\t\t\t\t<div class=\"elementor-element elementor-element-61ee2ee color-scheme-inherit text-left elementor-widget elementor-widget-text-editor\" data-id=\"61ee2ee\" data-element_type=\"widget\" data-e-type=\"widget\" data-widget_type=\"text-editor.default\">\n\t\t\t\t<div class=\"elementor-widget-container\">\n\t\t\t\t\t\t\t\t\t<p style=\"text-align: center;\"><span style=\"font-weight: 400;\">La fotobiomodulaci\u00f3n (PBM, por sus siglas en ingl\u00e9s) es una terapia no invasiva que utiliza luz roja e infrarroja de baja intensidad para estimular la reparaci\u00f3n celular, reducir la inflamaci\u00f3n y aliviar el dolor.<\/span><span style=\"font-weight: 400;\"><br \/><\/span><\/p>\t\t\t\t\t\t\t\t<\/div>\n\t\t\t\t<\/div>\n\t\t\t\t<\/div>\n\t\t\t\t\t<\/div>\n\t\t\t\t<\/div>\n\t\t<div class=\"wd-negative-gap elementor-element elementor-element-1c6a7d6 wd-section-stretch e-flex e-con-boxed e-con e-parent\" data-id=\"1c6a7d6\" data-element_type=\"container\" data-e-type=\"container\" data-settings=\"{&quot;background_background&quot;:&quot;classic&quot;,&quot;_ha_eqh_enable&quot;:false}\">\n\t\t\t\t\t<div class=\"e-con-inner\">\n\t\t<div class=\"elementor-element elementor-element-2c77e53 e-con-full e-flex e-con e-child\" data-id=\"2c77e53\" data-element_type=\"container\" data-e-type=\"container\" data-settings=\"{&quot;_ha_eqh_enable&quot;:false}\">\n\t\t\t\t<div class=\"elementor-element elementor-element-41cf66e elementor-widget elementor-widget-heading\" data-id=\"41cf66e\" data-element_type=\"widget\" data-e-type=\"widget\" data-widget_type=\"heading.default\">\n\t\t\t\t<div class=\"elementor-widget-container\">\n\t\t\t\t\t<h2 class=\"elementor-heading-title elementor-size-default\">\u00bfC\u00f3mo funciona la terapia de fotobiomodulaci\u00f3n?\n<\/h2>\t\t\t\t<\/div>\n\t\t\t\t<\/div>\n\t\t\t\t<div class=\"elementor-element elementor-element-d672037 color-scheme-inherit text-left elementor-widget elementor-widget-text-editor\" data-id=\"d672037\" data-element_type=\"widget\" data-e-type=\"widget\" data-widget_type=\"text-editor.default\">\n\t\t\t\t<div class=\"elementor-widget-container\">\n\t\t\t\t\t\t\t\t\t<p><span style=\"font-weight: 400;\">La fotobiomodulaci\u00f3n (PBM) act\u00faa directamente sobre las mitocondrias, las &#8220;centrales energ\u00e9ticas&#8221; de nuestras c\u00e9lulas.<\/span><span style=\"font-weight: 400;\"><br \/><\/span><span style=\"font-weight: 400;\">Cuando la<\/span><b> luz roja e infrarroja penetra en los tejidos, activa una prote\u00edna<\/b><span style=\"font-weight: 400;\"> llamada citocromo c oxidasa, lo que incrementa la producci\u00f3n de ATP (energ\u00eda celular). Este proceso <\/span><b>acelera la regeneraci\u00f3n de tejidos, reduce la inflamaci\u00f3n y alivia el dolo<\/b><span style=\"font-weight: 400;\">r en la zona tratada. <\/span><span style=\"font-weight: 400;\">En pocas palabras: la luz activa tu capacidad natural de sanar desde adentro.<\/span><\/p>\t\t\t\t\t\t\t\t<\/div>\n\t\t\t\t<\/div>\n\t\t\t\t<\/div>\n\t\t<div class=\"elementor-element elementor-element-1088e10 e-con-full e-flex e-con e-child\" data-id=\"1088e10\" data-element_type=\"container\" data-e-type=\"container\" data-settings=\"{&quot;background_background&quot;:&quot;classic&quot;,&quot;_ha_eqh_enable&quot;:false}\">\n\t\t\t\t<div class=\"elementor-element elementor-element-cecd241 elementor-widget elementor-widget-image\" data-id=\"cecd241\" data-element_type=\"widget\" data-e-type=\"widget\" data-widget_type=\"image.default\">\n\t\t\t\t<div class=\"elementor-widget-container\">\n\t\t\t\t\t\t\t\t\t\t\t\t\t\t\t<img loading=\"lazy\" decoding=\"async\" width=\"533\" height=\"800\" src=\"https:\/\/bioluxpro.com\/wp-content\/uploads\/2025\/06\/ChatGPT-Image-18-jun-2025-10_01_27-p.m-533x800.png\" class=\"attachment-large size-large wp-image-17452\" alt=\"\" srcset=\"https:\/\/bioluxpro.com\/wp-content\/uploads\/2025\/06\/ChatGPT-Image-18-jun-2025-10_01_27-p.m-533x800.png 533w, https:\/\/bioluxpro.com\/wp-content\/uploads\/2025\/06\/ChatGPT-Image-18-jun-2025-10_01_27-p.m-200x300.png 200w, https:\/\/bioluxpro.com\/wp-content\/uploads\/2025\/06\/ChatGPT-Image-18-jun-2025-10_01_27-p.m-768x1152.png 768w\" sizes=\"auto, (max-width: 533px) 100vw, 533px\" \/>\t\t\t\t\t\t\t\t\t\t\t\t\t\t\t<\/div>\n\t\t\t\t<\/div>\n\t\t\t\t<\/div>\n\t\t\t\t\t<\/div>\n\t\t\t\t<\/div>\n\t\t<div class=\"elementor-element elementor-element-0810d40 e-con-full wd-section-stretch e-flex e-con e-parent\" data-id=\"0810d40\" data-element_type=\"container\" data-e-type=\"container\" data-settings=\"{&quot;background_background&quot;:&quot;classic&quot;,&quot;_ha_eqh_enable&quot;:false}\">\n\t\t\t\t<div class=\"elementor-element elementor-element-d1c04e8 elementor-widget elementor-widget-heading\" data-id=\"d1c04e8\" data-element_type=\"widget\" data-e-type=\"widget\" data-widget_type=\"heading.default\">\n\t\t\t\t<div class=\"elementor-widget-container\">\n\t\t\t\t\t<h2 class=\"elementor-heading-title elementor-size-default\">\u00bfC\u00d3MO ALIVIA EL DOLOR LA TERAPIA DE LUZ ROJA?<\/h2>\t\t\t\t<\/div>\n\t\t\t\t<\/div>\n\t\t\t\t<div class=\"elementor-element elementor-element-0bf64ed elementor-widget__width-initial color-scheme-inherit text-left elementor-widget elementor-widget-text-editor\" data-id=\"0bf64ed\" data-element_type=\"widget\" data-e-type=\"widget\" data-widget_type=\"text-editor.default\">\n\t\t\t\t<div class=\"elementor-widget-container\">\n\t\t\t\t\t\t\t\t\t<p style=\"text-align: left;\"><span style=\"font-weight: 400;\">Cuando se aplica con una alta densidad de potencia, la fotobiomodulaci\u00f3n (PBM) act\u00faa directamente sobre las fibras nerviosas.<\/span><span style=\"font-weight: 400;\"><br \/><\/span><span style=\"font-weight: 400;\"> Esto reduce temporalmente la producci\u00f3n de energ\u00eda en los nervios, generando un bloqueo neural reversible que alivia el dolor casi de forma inmediata, con efectos que pueden durar hasta 24 horas.<\/span><\/p><p><span style=\"font-weight: 400;\">En BioluxPro, nuestros expertos han desarrollado protocolos analg\u00e9sicos espec\u00edficos para cada tipo de dolor, garantizando seguridad y efectividad en cada sesi\u00f3n.<\/span><\/p>\t\t\t\t\t\t\t\t<\/div>\n\t\t\t\t<\/div>\n\t\t\t\t<\/div>\n\t\t<div class=\"wd-negative-gap elementor-element elementor-element-166e401 wd-section-stretch e-flex e-con-boxed e-con e-parent\" data-id=\"166e401\" data-element_type=\"container\" data-e-type=\"container\" data-settings=\"{&quot;_ha_eqh_enable&quot;:false}\">\n\t\t\t\t\t<div class=\"e-con-inner\">\n\t\t<div class=\"elementor-element elementor-element-770bfd7 e-con-full e-flex e-con e-child\" data-id=\"770bfd7\" data-element_type=\"container\" data-e-type=\"container\" data-settings=\"{&quot;_ha_eqh_enable&quot;:false}\">\n\t\t\t\t<div class=\"elementor-element elementor-element-2ec79c2 elementor-widget elementor-widget-image\" data-id=\"2ec79c2\" data-element_type=\"widget\" data-e-type=\"widget\" data-widget_type=\"image.default\">\n\t\t\t\t<div class=\"elementor-widget-container\">\n\t\t\t\t\t\t\t\t\t\t\t\t\t\t\t<img loading=\"lazy\" decoding=\"async\" width=\"696\" height=\"800\" src=\"https:\/\/bioluxpro.com\/wp-content\/uploads\/2025\/07\/Productos-04-1-696x800.jpg\" class=\"attachment-large size-large wp-image-17855\" alt=\"\" srcset=\"https:\/\/bioluxpro.com\/wp-content\/uploads\/2025\/07\/Productos-04-1-696x800.jpg 696w, https:\/\/bioluxpro.com\/wp-content\/uploads\/2025\/07\/Productos-04-1-430x494.jpg 430w, https:\/\/bioluxpro.com\/wp-content\/uploads\/2025\/07\/Productos-04-1-150x172.jpg 150w, https:\/\/bioluxpro.com\/wp-content\/uploads\/2025\/07\/Productos-04-1-700x805.jpg 700w, https:\/\/bioluxpro.com\/wp-content\/uploads\/2025\/07\/Productos-04-1-261x300.jpg 261w, https:\/\/bioluxpro.com\/wp-content\/uploads\/2025\/07\/Productos-04-1-768x883.jpg 768w, https:\/\/bioluxpro.com\/wp-content\/uploads\/2025\/07\/Productos-04-1-1336x1536.jpg 1336w, https:\/\/bioluxpro.com\/wp-content\/uploads\/2025\/07\/Productos-04-1.jpg 1771w\" sizes=\"auto, (max-width: 696px) 100vw, 696px\" \/>\t\t\t\t\t\t\t\t\t\t\t\t\t\t\t<\/div>\n\t\t\t\t<\/div>\n\t\t\t\t<\/div>\n\t\t<div class=\"elementor-element elementor-element-53b55ac e-con-full e-flex e-con e-child\" data-id=\"53b55ac\" data-element_type=\"container\" data-e-type=\"container\" data-settings=\"{&quot;_ha_eqh_enable&quot;:false}\">\n\t\t\t\t<div class=\"elementor-element elementor-element-19339d1 elementor-widget elementor-widget-heading\" data-id=\"19339d1\" data-element_type=\"widget\" data-e-type=\"widget\" data-widget_type=\"heading.default\">\n\t\t\t\t<div class=\"elementor-widget-container\">\n\t\t\t\t\t<h2 class=\"elementor-heading-title elementor-size-default\">\u00bfCU\u00c1NTA LUZ ES LA ADECUADA EN UNA TERAPIA DE FOTOBIOMODULACI\u00d3N?\n<\/h2>\t\t\t\t<\/div>\n\t\t\t\t<\/div>\n\t\t\t\t<div class=\"elementor-element elementor-element-7d2a417 color-scheme-inherit text-left elementor-widget elementor-widget-text-editor\" data-id=\"7d2a417\" data-element_type=\"widget\" data-e-type=\"widget\" data-widget_type=\"text-editor.default\">\n\t\t\t\t<div class=\"elementor-widget-container\">\n\t\t\t\t\t\t\t\t\t<p><span style=\"font-weight: 400;\">Al igual que con un medicamento, la terapia de luz roja <\/span><b>requiere una dosificaci\u00f3n precisa para ser efectiva.<\/b><span style=\"font-weight: 400;\"><br \/><\/span><span style=\"font-weight: 400;\"> Una densidad de potencia demasiado baja no genera respuesta celular, mientras que una dosis excesiva puede inhibir la regeneraci\u00f3n de tejidos y reducir los efectos antiinflamatorios.<\/span><\/p><p><span style=\"font-weight: 400;\">Por eso, en <\/span><b>Biolux Pro desarrollamos protocolos espec\u00edficos y medidos cient\u00edficamente para cada condici\u00f3n<\/b><span style=\"font-weight: 400;\">: musculares, articulares, d\u00e9rmicas y m\u00e1s. As\u00ed aseguramos que cada sesi\u00f3n entregue la cantidad \u00f3ptima de luz para resultados reales.<\/span><\/p>\t\t\t\t\t\t\t\t<\/div>\n\t\t\t\t<\/div>\n\t\t\t\t<\/div>\n\t\t\t\t\t<\/div>\n\t\t\t\t<\/div>\n\t\t\t\t<\/div>\n\t\t","protected":false},"excerpt":{"rendered":"","protected":false},"author":1,"featured_media":0,"parent":0,"menu_order":0,"comment_status":"closed","ping_status":"closed","template":"","meta":{"footnotes":""},"class_list":["post-18806","page","type-page","status-publish","hentry"],"_links":{"self":[{"href":"https:\/\/bioluxpro.com\/en\/wp-json\/wp\/v2\/pages\/18806","targetHints":{"allow":["GET"]}}],"collection":[{"href":"https:\/\/bioluxpro.com\/en\/wp-json\/wp\/v2\/pages"}],"about":[{"href":"https:\/\/bioluxpro.com\/en\/wp-json\/wp\/v2\/types\/page"}],"author":[{"embeddable":true,"href":"https:\/\/bioluxpro.com\/en\/wp-json\/wp\/v2\/users\/1"}],"replies":[{"embeddable":true,"href":"https:\/\/bioluxpro.com\/en\/wp-json\/wp\/v2\/comments?post=18806"}],"version-history":[{"count":1,"href":"https:\/\/bioluxpro.com\/en\/wp-json\/wp\/v2\/pages\/18806\/revisions"}],"predecessor-version":[{"id":18818,"href":"https:\/\/bioluxpro.com\/en\/wp-json\/wp\/v2\/pages\/18806\/revisions\/18818"}],"wp:attachment":[{"href":"https:\/\/bioluxpro.com\/en\/wp-json\/wp\/v2\/media?parent=18806"}],"curies":[{"name":"wp","href":"https:\/\/api.w.org\/{rel}","templated":true}]}}