{"id":18086,"date":"2025-07-01T10:44:32","date_gmt":"2025-07-01T16:44:32","guid":{"rendered":"https:\/\/bioluxpro.com\/about-us\/"},"modified":"2026-01-29T18:44:59","modified_gmt":"2026-01-30T00:44:59","slug":"about-us","status":"publish","type":"page","link":"https:\/\/bioluxpro.com\/en\/about-us\/","title":{"rendered":"About Us"},"content":{"rendered":"\t\t<div data-elementor-type=\"wp-page\" data-elementor-id=\"18086\" class=\"elementor elementor-18086 elementor-17583\" data-elementor-settings=\"{&quot;ha_cmc_init_switcher&quot;:&quot;no&quot;}\" data-elementor-post-type=\"page\">\n\t\t\t\t<div class=\"elementor-element elementor-element-c618021 e-con-full wd-section-stretch e-flex e-con e-parent\" data-id=\"c618021\" data-element_type=\"container\" data-e-type=\"container\" data-settings=\"{&quot;background_background&quot;:&quot;classic&quot;,&quot;_ha_eqh_enable&quot;:false}\">\n\t\t\t\t<div class=\"elementor-element elementor-element-322d0f3 elementor-widget__width-initial elementor-widget elementor-widget-heading\" data-id=\"322d0f3\" data-element_type=\"widget\" data-e-type=\"widget\" data-widget_type=\"heading.default\">\n\t\t\t\t<div class=\"elementor-widget-container\">\n\t\t\t\t\t<h1 class=\"elementor-heading-title elementor-size-default\">WE ARE LEADERS IN RED AND INFRARED LIGHT THERAPY IN MEXICO<\/h1>\t\t\t\t<\/div>\n\t\t\t\t<\/div>\n\t\t\t\t<\/div>\n\t\t<div class=\"wd-negative-gap elementor-element elementor-element-93553ee wd-section-stretch e-flex e-con-boxed e-con e-parent\" data-id=\"93553ee\" data-element_type=\"container\" data-e-type=\"container\" data-settings=\"{&quot;background_background&quot;:&quot;classic&quot;,&quot;_ha_eqh_enable&quot;:false}\">\n\t\t\t\t\t<div class=\"e-con-inner\">\n\t\t<div class=\"elementor-element elementor-element-a49541d e-con-full e-flex e-con e-child\" data-id=\"a49541d\" data-element_type=\"container\" data-e-type=\"container\" data-settings=\"{&quot;_ha_eqh_enable&quot;:false}\">\n\t\t\t\t<\/div>\n\t\t<div class=\"elementor-element elementor-element-bb4b36c e-con-full e-flex e-con e-child\" data-id=\"bb4b36c\" data-element_type=\"container\" data-e-type=\"container\" data-settings=\"{&quot;_ha_eqh_enable&quot;:false}\">\n\t\t\t\t<div class=\"elementor-element elementor-element-f2b2924 elementor-widget__width-initial elementor-widget elementor-widget-image\" data-id=\"f2b2924\" data-element_type=\"widget\" data-e-type=\"widget\" data-widget_type=\"image.default\">\n\t\t\t\t<div class=\"elementor-widget-container\">\n\t\t\t\t\t\t\t\t\t\t\t\t\t\t\t<img loading=\"lazy\" decoding=\"async\" width=\"2270\" height=\"280\" src=\"https:\/\/bioluxpro.com\/wp-content\/uploads\/2023\/10\/LogoBio.svg\" class=\"attachment-large size-large wp-image-17531\" alt=\"\" \/>\t\t\t\t\t\t\t\t\t\t\t\t\t\t\t<\/div>\n\t\t\t\t<\/div>\n\t\t\t\t<div class=\"elementor-element elementor-element-3868c2e color-scheme-inherit text-left elementor-widget elementor-widget-text-editor\" data-id=\"3868c2e\" data-element_type=\"widget\" data-e-type=\"widget\" data-widget_type=\"text-editor.default\">\n\t\t\t\t<div class=\"elementor-widget-container\">\n\t\t\t\t\t\t\t\t\t<p>We are a proudly Mexican company dedicated to red and infrared light-based photobiomodulation, delivering science-backed wellness technology to everyday life.<span style=\"font-weight: 400;\"><br><\/span><\/p>\t\t\t\t\t\t\t\t<\/div>\n\t\t\t\t<\/div>\n\t\t\t\t<div class=\"elementor-element elementor-element-b143524 elementor-widget__width-initial color-scheme-inherit text-left elementor-widget elementor-widget-text-editor\" data-id=\"b143524\" data-element_type=\"widget\" data-e-type=\"widget\" data-widget_type=\"text-editor.default\">\n\t\t\t\t<div class=\"elementor-widget-container\">\n\t\t\t\t\t\t\t\t\t<p style=\"text-align: left;\">Nuestro compromiso con la salud, el bienestar y la innovaci\u00f3n nos ha llevado a desarrollar dispositivos terap\u00e9uticos seguros, efectivos y respaldados por evidencia cient\u00edfica. Gracias a a\u00f1os de investigaci\u00f3n, trabajamos con tecnolog\u00eda de \u00faltima generaci\u00f3n y bajo est\u00e1ndares internacionales de calidad. Hoy, m\u00e1s de 1,800 cl\u00ednicas, hospitales y hogares en todo el mundo conf\u00edan en nuestros protocolos para aliviar el dolor, acelerar la recuperaci\u00f3n y mejorar la calidad de vida.  <\/p><p style=\"text-align: right;\"><span style=\"font-weight: 400;\"> <\/span><\/p>\t\t\t\t\t\t\t\t<\/div>\n\t\t\t\t<\/div>\n\t\t\t\t<\/div>\n\t\t\t\t\t<\/div>\n\t\t\t\t<\/div>\n\t\t\t\t<\/div>\n\t\t","protected":false},"excerpt":{"rendered":"<p>WE ARE LEADERS IN RED AND INFRARED LIGHT THERAPY IN MEXICO We are a proudly Mexican company dedicated to red<\/p>\n","protected":false},"author":1,"featured_media":0,"parent":0,"menu_order":0,"comment_status":"closed","ping_status":"closed","template":"","meta":{"footnotes":""},"class_list":["post-18086","page","type-page","status-publish","hentry"],"_links":{"self":[{"href":"https:\/\/bioluxpro.com\/en\/wp-json\/wp\/v2\/pages\/18086","targetHints":{"allow":["GET"]}}],"collection":[{"href":"https:\/\/bioluxpro.com\/en\/wp-json\/wp\/v2\/pages"}],"about":[{"href":"https:\/\/bioluxpro.com\/en\/wp-json\/wp\/v2\/types\/page"}],"author":[{"embeddable":true,"href":"https:\/\/bioluxpro.com\/en\/wp-json\/wp\/v2\/users\/1"}],"replies":[{"embeddable":true,"href":"https:\/\/bioluxpro.com\/en\/wp-json\/wp\/v2\/comments?post=18086"}],"version-history":[{"count":7,"href":"https:\/\/bioluxpro.com\/en\/wp-json\/wp\/v2\/pages\/18086\/revisions"}],"predecessor-version":[{"id":18822,"href":"https:\/\/bioluxpro.com\/en\/wp-json\/wp\/v2\/pages\/18086\/revisions\/18822"}],"wp:attachment":[{"href":"https:\/\/bioluxpro.com\/en\/wp-json\/wp\/v2\/media?parent=18086"}],"curies":[{"name":"wp","href":"https:\/\/api.w.org\/{rel}","templated":true}]}}